{"id":2083,"date":"2025-05-14T14:05:19","date_gmt":"2025-05-14T14:05:19","guid":{"rendered":"https:\/\/vivaifeder.staging.formatispa.agency\/ueber-uns\/"},"modified":"2025-08-29T08:34:04","modified_gmt":"2025-08-29T08:34:04","slug":"ueber-uns","status":"publish","type":"page","link":"https:\/\/vivaifeder.it\/de\/ueber-uns\/","title":{"rendered":"\u00dcber uns"},"content":{"rendered":"\t\t<div data-elementor-type=\"wp-post\" data-elementor-id=\"2083\" class=\"elementor elementor-2083 elementor-986\" data-elementor-post-type=\"page\">\n\t\t\t\t<div class=\"elementor-element elementor-element-efe5a24 e-flex e-con-boxed e-con e-parent\" data-id=\"efe5a24\" data-element_type=\"container\" data-e-type=\"container\" data-settings=\"{&quot;background_background&quot;:&quot;classic&quot;}\">\n\t\t\t\t\t<div class=\"e-con-inner\">\n\t\t\t\t<div class=\"elementor-element elementor-element-f95ff01 elementor-widget elementor-widget-heading\" data-id=\"f95ff01\" data-element_type=\"widget\" data-e-type=\"widget\" data-widget_type=\"heading.default\">\n\t\t\t\t<div class=\"elementor-widget-container\">\n\t\t\t\t\t<h1 class=\"elementor-heading-title elementor-size-default\">\u00dcber <span style=\"font-weight: bold\">uns<\/span><\/h1>\t\t\t\t<\/div>\n\t\t\t\t<\/div>\n\t\t\t\t<div class=\"elementor-element elementor-element-121f029 elementor-widget elementor-widget-shortcode\" data-id=\"121f029\" data-element_type=\"widget\" data-e-type=\"widget\" data-widget_type=\"shortcode.default\">\n\t\t\t\t<div class=\"elementor-widget-container\">\n\t\t\t\t\t\t\t<div class=\"elementor-shortcode\"><\/div>\n\t\t\t\t\t\t<\/div>\n\t\t\t\t<\/div>\n\t\t\t\t\t<\/div>\n\t\t\t\t<\/div>\n\t\t<div class=\"elementor-element elementor-element-5da8593 e-flex e-con-boxed e-con e-parent\" data-id=\"5da8593\" data-element_type=\"container\" data-e-type=\"container\" data-settings=\"{&quot;background_background&quot;:&quot;classic&quot;}\">\n\t\t\t\t\t<div class=\"e-con-inner\">\n\t\t<div class=\"elementor-element elementor-element-01f4195 e-con-full e-flex e-con e-child\" data-id=\"01f4195\" data-element_type=\"container\" data-e-type=\"container\">\n\t\t<div class=\"elementor-element elementor-element-36493ed e-con-full e-flex e-con e-child\" data-id=\"36493ed\" data-element_type=\"container\" data-e-type=\"container\">\n\t\t\t\t<div class=\"elementor-element elementor-element-20736c2 elementor-widget elementor-widget-heading\" data-id=\"20736c2\" data-element_type=\"widget\" data-e-type=\"widget\" data-widget_type=\"heading.default\">\n\t\t\t\t<div class=\"elementor-widget-container\">\n\t\t\t\t\t<h2 class=\"elementor-heading-title elementor-size-default\"><div class=\"letter-reveal\">Unser <strong>Team<\/strong><\/div><\/h2>\t\t\t\t<\/div>\n\t\t\t\t<\/div>\n\t\t\t\t<\/div>\n\t\t<div class=\"elementor-element elementor-element-800a0f2 e-con-full elementor-hidden-mobile e-flex e-con e-child\" data-id=\"800a0f2\" data-element_type=\"container\" data-e-type=\"container\">\n\t\t\t\t<\/div>\n\t\t\t\t<\/div>\n\t\t<div class=\"elementor-element elementor-element-6c1b739 e-con-full e-flex e-con e-child\" data-id=\"6c1b739\" data-element_type=\"container\" data-e-type=\"container\">\n\t\t\t\t<div class=\"elementor-element elementor-element-40585b5 elementor-widget-divider--view-line elementor-widget elementor-widget-divider\" data-id=\"40585b5\" data-element_type=\"widget\" data-e-type=\"widget\" data-widget_type=\"divider.default\">\n\t\t\t\t<div class=\"elementor-widget-container\">\n\t\t\t\t\t\t\t<div class=\"elementor-divider\">\n\t\t\t<span class=\"elementor-divider-separator\">\n\t\t\t\t\t\t<\/span>\n\t\t<\/div>\n\t\t\t\t\t\t<\/div>\n\t\t\t\t<\/div>\n\t\t\t\t<\/div>\n\t\t<div class=\"elementor-element elementor-element-66c7589 e-con-full e-flex e-con e-child\" data-id=\"66c7589\" data-element_type=\"container\" data-e-type=\"container\">\n\t\t<div class=\"elementor-element elementor-element-5bd1aaf e-con-full e-flex e-con e-child\" data-id=\"5bd1aaf\" data-element_type=\"container\" data-e-type=\"container\">\n\t\t\t\t<div class=\"elementor-element elementor-element-abb5392 elementor-position-inline-start elementor-view-default elementor-mobile-position-block-start elementor-invisible elementor-widget elementor-widget-icon-box\" data-id=\"abb5392\" data-element_type=\"widget\" data-e-type=\"widget\" data-settings=\"{&quot;_animation&quot;:&quot;fadeInUp&quot;}\" data-widget_type=\"icon-box.default\">\n\t\t\t\t<div class=\"elementor-widget-container\">\n\t\t\t\t\t\t\t<div class=\"elementor-icon-box-wrapper\">\n\n\t\t\t\t\t\t<div class=\"elementor-icon-box-icon\">\n\t\t\t\t<span  class=\"elementor-icon\">\n\t\t\t\t<svg xmlns=\"http:\/\/www.w3.org\/2000\/svg\" width=\"74\" height=\"75\" viewBox=\"0 0 74 75\" fill=\"none\" class=\"\"><path d=\"M68.0821 46.153C66.4609 45.0312 64.6048 44.2945 62.6554 43.9992C62.1455 43.9165 61.6231 43.9592 61.1333 44.1234L57.5859 45.3082C55.9246 35.0271 48.0097 32.6623 45.1857 32.1447C45.636 28.2938 46.5443 24.5103 47.8916 20.8747C48.5601 21.8174 49.4455 22.5854 50.4732 23.114C51.5008 23.6427 52.6405 23.9164 53.7961 23.9122C57.9841 23.9122 61.7634 20.5665 61.9373 20.4095C62.0515 20.3071 62.1441 20.183 62.2098 20.0444C62.2756 19.9058 62.313 19.7555 62.3201 19.6022C62.3271 19.449 62.3036 19.2959 62.2509 19.1519C62.1981 19.0078 62.1172 18.8757 62.0129 18.7632C61.0608 17.6095 59.8819 16.6636 58.5493 15.984C57.2167 15.3044 55.7588 14.9056 54.2658 14.8123C53.1238 14.7946 51.9876 14.9781 50.9092 15.3543C51.7503 14.1156 52.8716 13.0926 54.182 12.3683C55.4925 11.6441 56.9553 11.239 58.4516 11.186C58.7569 11.1817 59.0481 11.0568 59.2616 10.8387C59.4752 10.6205 59.5938 10.3267 59.5916 10.0214C59.5893 9.71608 59.4664 9.42405 59.2497 9.20902C59.033 8.99398 58.74 8.87338 58.4347 8.87354H58.4178C53.8684 8.93959 50.1603 11.5005 47.3995 16.4806C46.4043 18.297 45.5916 20.2074 44.973 22.184C44.1211 20.5453 42.7676 19.2218 41.1101 18.407C36.3135 16.0849 30.3922 18.7665 30.1427 18.8818C29.9974 18.9487 29.8676 19.0451 29.7614 19.1649C29.6553 19.2846 29.5752 19.4251 29.5261 19.5774C29.4771 19.7297 29.4602 19.8905 29.4766 20.0497C29.4929 20.2089 29.5421 20.3629 29.621 20.5021C31.8567 24.4479 34.6412 26.8773 37.8966 27.723C38.7295 27.9394 39.5867 28.0485 40.4473 28.0476C41.5111 28.044 42.5686 27.8843 43.586 27.5737C43.2645 29.1809 43.0418 30.6591 42.8854 31.9063C36.9015 31.748 32.812 36.4332 30.8916 39.2706C30.4413 39.0374 30.1551 38.8903 30.1551 38.8903C29.992 38.8063 29.8112 38.7626 29.6277 38.7627H14.9853C14.786 37.4638 14.1033 36.2882 13.0738 35.4713C12.0444 34.6545 10.7444 34.2569 9.43414 34.3581C8.12392 34.4592 6.90033 35.0518 6.00851 36.0169C5.11669 36.9821 4.62252 38.2486 4.62501 39.5628V57.033C4.62221 58.3516 5.11957 59.6221 6.01677 60.5884C6.91396 61.5547 8.14423 62.1447 9.4594 62.2396C10.7746 62.3344 12.0768 61.9269 13.1033 61.0993C14.1298 60.2718 14.8043 59.0857 14.9907 57.7803L31.737 64.2076C31.7733 64.2216 31.8102 64.2337 31.8477 64.2437C33.931 64.8024 36.0734 65.1111 38.2297 65.1634C39.7499 65.2638 41.2645 64.8968 42.5701 64.1116L67.644 51.4759C68.131 51.2328 68.546 50.8668 68.848 50.4141C69.15 49.9613 69.3286 49.4376 69.366 48.8946C69.4091 48.3655 69.3133 47.8342 69.0882 47.3533C68.863 46.8725 68.5162 46.4588 68.0821 46.153ZM38.4453 25.4766C35.8627 24.6461 33.6846 22.8787 32.34 20.5225C34.1049 19.9494 37.4392 19.1946 40.1108 20.4925C40.9969 20.9657 41.7743 21.619 42.393 22.4103C43.0118 23.2016 43.4582 24.1136 43.7038 25.0876C42.0371 25.7738 40.1949 25.91 38.4453 25.4766ZM59.417 19.4453C58.0271 20.4293 55.3725 21.9757 52.886 21.5195C52.1211 21.3467 51.4014 21.0139 50.7743 20.5429C50.1472 20.0719 49.627 19.4735 49.2479 18.787C50.6742 17.7043 52.4165 17.1202 54.2071 17.1243C56.1681 17.2394 58.02 18.0644 59.417 19.4453ZM43.7794 34.285L43.7817 34.2857L43.8098 34.2872C43.8504 34.2937 43.9765 34.3072 44.0143 34.3094C44.4221 34.3347 53.7639 35.0745 55.3371 46.0591L50.3912 47.7109C50.2108 46.5651 49.6279 45.5212 48.7473 44.7664C47.8667 44.0116 46.7459 43.5953 45.5861 43.5921H40.261C38.671 43.594 37.1188 43.1074 35.8144 42.1982C34.9591 41.6038 33.9988 40.9979 32.9334 40.3806C34.7504 37.7632 38.5237 33.6155 43.7794 34.285ZM12.7538 57.033C12.7522 57.8033 12.4452 58.5415 11.8999 59.0856C11.3547 59.6298 10.6159 59.9354 9.84564 59.9354C9.07536 59.9354 8.33654 59.6298 7.79133 59.0856C7.24612 58.5415 6.93905 57.8033 6.93751 57.033V39.5628C6.93905 38.7925 7.24612 38.0543 7.79133 37.5101C8.33654 36.966 9.07536 36.6604 9.84564 36.6604C10.6159 36.6604 11.3547 36.966 11.8999 37.5101C12.4452 38.0543 12.7522 38.7925 12.7538 39.5628V57.033ZM66.6029 49.4107L41.4319 62.0955C41.36 62.1316 41.2923 62.1753 41.2298 62.2259C39.8443 63.3359 35.3187 62.7809 32.5105 62.0272L15.0663 55.3323V41.0753H29.3478C29.6278 41.2198 30.1303 41.4795 30.766 41.812C32.0476 42.5093 33.2924 43.2721 34.4956 44.0974C36.1868 45.2764 38.1994 45.9072 40.261 45.9046H45.5861C46.2699 45.9046 46.9258 46.1763 47.4093 46.6599C47.8929 47.1434 48.1645 47.7992 48.1645 48.4831C48.1645 49.1669 47.8929 49.8228 47.4093 50.3063C46.9258 50.7899 46.2699 51.0615 45.5861 51.0615H29.2529C28.9462 51.0615 28.6522 51.1833 28.4353 51.4002C28.2185 51.617 28.0967 51.9111 28.0967 52.2178C28.0967 52.5244 28.2185 52.8185 28.4353 53.0354C28.6522 53.2522 28.9462 53.374 29.2529 53.374H45.5861C46.5719 53.3716 47.5337 53.0704 48.3449 52.5102C49.156 51.9501 49.7783 51.1572 50.1297 50.2362L61.8605 46.319C61.9945 46.274 62.1372 46.2606 62.2772 46.2801C63.8814 46.5195 65.4098 47.1215 66.7464 48.0404C66.8547 48.116 66.9408 48.2191 66.996 48.3391C67.0512 48.459 67.0734 48.5916 67.0603 48.723C67.0504 48.8675 67.0031 49.0069 66.9229 49.1275C66.8427 49.2481 66.7324 49.3457 66.6029 49.4107Z\" fill=\"white\" class=\"\"><\/path><\/svg>\t\t\t\t<\/span>\n\t\t\t<\/div>\n\t\t\t\n\t\t\t\t\t\t<div class=\"elementor-icon-box-content\">\n\n\t\t\t\t\t\t\t\t\t<h3 class=\"elementor-icon-box-title\">\n\t\t\t\t\t\t<span  >\n\t\t\t\t\t\t\tUnser Team besteht <strong>aus Fachleuten mit unterschiedlichen Kompetenzen, aber einer gemeinsamen Vision: die<\/strong> Pflege von Gr\u00fcnfl\u00e4chen mit Sorgfalt, Pr\u00e4zision und Sensibilit\u00e4t. Jedes Projekt wird mit einem pers\u00f6nlichen Ansatz verfolgt, bei dem sich technische Erfahrung und Leidenschaft verbinden, um konkrete und dauerhafte Ergebnisse zu garantieren. <strong>Teamarbeit, st\u00e4ndige Weiterbildung und ein kollegialer Geist sind die Grundlage unseres Erfolgs.<\/strong>\t\t\t\t\t\t<\/span>\n\t\t\t\t\t<\/h3>\n\t\t\t\t\n\t\t\t\t\n\t\t\t<\/div>\n\t\t\t\n\t\t<\/div>\n\t\t\t\t\t\t<\/div>\n\t\t\t\t<\/div>\n\t\t\t\t<\/div>\n\t\t<div class=\"elementor-element elementor-element-b268108 e-con-full e-flex e-con e-child\" data-id=\"b268108\" data-element_type=\"container\" data-e-type=\"container\">\n\t\t\t\t<div class=\"elementor-element elementor-element-84ef933 elementor-align-left btn-highlighted elementor-invisible elementor-widget elementor-widget-button\" data-id=\"84ef933\" data-element_type=\"widget\" data-e-type=\"widget\" data-settings=\"{&quot;_animation&quot;:&quot;fadeInUp&quot;}\" data-widget_type=\"button.default\">\n\t\t\t\t<div class=\"elementor-widget-container\">\n\t\t\t\t\t\t\t\t\t<div class=\"elementor-button-wrapper\">\n\t\t\t\t\t<a class=\"elementor-button elementor-button-link elementor-size-sm\" href=\"https:\/\/vivaifeder.it\/de\/portfolio\/\">\n\t\t\t\t\t\t<span class=\"elementor-button-content-wrapper\">\n\t\t\t\t\t\t<span class=\"elementor-button-icon\">\n\t\t\t\t<svg xmlns=\"http:\/\/www.w3.org\/2000\/svg\" width=\"25\" height=\"25\" viewBox=\"0 0 25 25\" fill=\"none\"><path fill-rule=\"evenodd\" clip-rule=\"evenodd\" d=\"M19.4548 11.174C17.1143 11.174 14.9812 8.95304 14.9812 6.51404V5.51404H13.0612V6.51404C13.0612 8.28804 13.808 9.95204 14.9802 11.174H3.13477L3.13477 13.174H14.9802C13.808 14.396 13.0612 16.0601 13.0612 17.8341V18.8341H14.9812V17.8341C14.9812 15.3951 17.1143 13.174 19.4548 13.174H20.4148V11.174H19.4548Z\" fill=\"white\"><\/path><\/svg>\t\t\t<\/span>\n\t\t\t\t\t\t\t\t\t<span class=\"elementor-button-text\">Unsere Arbeit<\/span>\n\t\t\t\t\t<\/span>\n\t\t\t\t\t<\/a>\n\t\t\t\t<\/div>\n\t\t\t\t\t\t\t\t<\/div>\n\t\t\t\t<\/div>\n\t\t\t\t<\/div>\n\t\t\t\t<\/div>\n\t\t\t\t\t<\/div>\n\t\t\t\t<\/div>\n\t\t<div class=\"elementor-element elementor-element-ae2dc06 e-flex e-con-boxed e-con e-parent\" data-id=\"ae2dc06\" data-element_type=\"container\" data-e-type=\"container\">\n\t\t\t\t\t<div class=\"e-con-inner\">\n\t\t<div class=\"elementor-element elementor-element-2076b7d e-con-full e-flex e-con e-child\" data-id=\"2076b7d\" data-element_type=\"container\" data-e-type=\"container\">\n\t\t\t\t<div class=\"elementor-element elementor-element-481e838 elementor-absolute elementor-widget elementor-widget-heading\" data-id=\"481e838\" data-element_type=\"widget\" data-e-type=\"widget\" data-settings=\"{&quot;_position&quot;:&quot;absolute&quot;}\" data-widget_type=\"heading.default\">\n\t\t\t\t<div class=\"elementor-widget-container\">\n\t\t\t\t\t<h3 class=\"elementor-heading-title elementor-size-default\">Team<\/h3>\t\t\t\t<\/div>\n\t\t\t\t<\/div>\n\t\t<div class=\"elementor-element elementor-element-49870c4 e-con-full e-flex e-con e-child\" data-id=\"49870c4\" data-element_type=\"container\" data-e-type=\"container\">\n\t\t\t\t<div class=\"elementor-element elementor-element-e48b15c elementor-icon-list--layout-traditional elementor-list-item-link-full_width elementor-widget elementor-widget-icon-list\" data-id=\"e48b15c\" data-element_type=\"widget\" data-e-type=\"widget\" data-widget_type=\"icon-list.default\">\n\t\t\t\t<div class=\"elementor-widget-container\">\n\t\t\t\t\t\t\t<ul class=\"elementor-icon-list-items\">\n\t\t\t\t\t\t\t<li class=\"elementor-icon-list-item\">\n\t\t\t\t\t\t\t\t\t\t\t<span class=\"elementor-icon-list-icon\">\n\t\t\t\t\t\t\t<svg aria-hidden=\"true\" class=\"e-font-icon-svg e-fas-leaf\" viewBox=\"0 0 576 512\" xmlns=\"http:\/\/www.w3.org\/2000\/svg\"><path d=\"M546.2 9.7c-5.6-12.5-21.6-13-28.3-1.2C486.9 62.4 431.4 96 368 96h-80C182 96 96 182 96 288c0 7 .8 13.7 1.5 20.5C161.3 262.8 253.4 224 384 224c8.8 0 16 7.2 16 16s-7.2 16-16 16C132.6 256 26 410.1 2.4 468c-6.6 16.3 1.2 34.9 17.5 41.6 16.4 6.8 35-1.1 41.8-17.3 1.5-3.6 20.9-47.9 71.9-90.6 32.4 43.9 94 85.8 174.9 77.2C465.5 467.5 576 326.7 576 154.3c0-50.2-10.8-102.2-29.8-144.6z\"><\/path><\/svg>\t\t\t\t\t\t<\/span>\n\t\t\t\t\t\t\t\t\t\t<span class=\"elementor-icon-list-text\"><h3>Team<\/span>\n\t\t\t\t\t\t\t\t\t<\/li>\n\t\t\t\t\t\t<\/ul>\n\t\t\t\t\t\t<\/div>\n\t\t\t\t<\/div>\n\t\t\t\t<div class=\"elementor-element elementor-element-c7b3f6d elementor-widget elementor-widget-heading\" data-id=\"c7b3f6d\" data-element_type=\"widget\" data-e-type=\"widget\" data-widget_type=\"heading.default\">\n\t\t\t\t<div class=\"elementor-widget-container\">\n\t\t\t\t\t<h2 class=\"elementor-heading-title elementor-size-default\"><div class=\"letter-reveal\">Gemeinsam mit ihnen machen wir <strong>jede Gr\u00fcnfl\u00e4che<\/strong>zu <strong>etwas Besonderem<\/strong><\/div><\/h2>\t\t\t\t<\/div>\n\t\t\t\t<\/div>\n\t\t\t\t<div class=\"elementor-element elementor-element-d2df03e elementor-invisible elementor-widget elementor-widget-text-editor\" data-id=\"d2df03e\" data-element_type=\"widget\" data-e-type=\"widget\" data-settings=\"{&quot;_animation&quot;:&quot;fadeInUp&quot;}\" data-widget_type=\"text-editor.default\">\n\t\t\t\t<div class=\"elementor-widget-container\">\n\t\t\t\t\t\t\t\t\t<p>Jeden Tag werden wir auf unserem Weg in die Gr\u00fcnpflege von einem 25-k\u00f6pfigen Team begleitet, das leidenschaftlich, qualifiziert und immer bereit ist, mit Professionalit\u00e4t und Hingabe in jedes Projekt einzugreifen.<\/p>\n\t\t\t\t\t\t\t\t<\/div>\n\t\t\t\t<\/div>\n\t\t\t\t<div class=\"elementor-element elementor-element-54d31f4 elementor-widget-divider--view-line elementor-widget elementor-widget-divider\" data-id=\"54d31f4\" data-element_type=\"widget\" data-e-type=\"widget\" data-widget_type=\"divider.default\">\n\t\t\t\t<div class=\"elementor-widget-container\">\n\t\t\t\t\t\t\t<div class=\"elementor-divider\">\n\t\t\t<span class=\"elementor-divider-separator\">\n\t\t\t\t\t\t<\/span>\n\t\t<\/div>\n\t\t\t\t\t\t<\/div>\n\t\t\t\t<\/div>\n\t\t\t\t<\/div>\n\t\t\t\t<\/div>\n\t\t<div class=\"elementor-element elementor-element-354b573 e-con-full e-flex e-con e-child\" data-id=\"354b573\" data-element_type=\"container\" data-e-type=\"container\">\n\t\t\t\t<div class=\"elementor-element elementor-element-069f5ce image-anime elementor-widget elementor-widget-image\" data-id=\"069f5ce\" data-element_type=\"widget\" data-e-type=\"widget\" data-widget_type=\"image.default\">\n\t\t\t\t<div class=\"elementor-widget-container\">\n\t\t\t\t\t\t\t\t\t\t\t\t\t\t\t<img fetchpriority=\"high\" decoding=\"async\" width=\"2048\" height=\"2048\" src=\"https:\/\/vivaifeder.it\/wp-content\/uploads\/2025\/06\/DSC01551.avif\" class=\"attachment-full size-full wp-image-2854\" alt=\"Vivai Feder - Team 4\" srcset=\"https:\/\/vivaifeder.it\/wp-content\/uploads\/2025\/06\/DSC01551.avif 2048w, https:\/\/vivaifeder.it\/wp-content\/uploads\/2025\/06\/DSC01551-300x300.jpg 300w, https:\/\/vivaifeder.it\/wp-content\/uploads\/2025\/06\/DSC01551-1024x1024.jpg 1024w, https:\/\/vivaifeder.it\/wp-content\/uploads\/2025\/06\/DSC01551-150x150.jpg 150w, https:\/\/vivaifeder.it\/wp-content\/uploads\/2025\/06\/DSC01551-768x768.jpg 768w, https:\/\/vivaifeder.it\/wp-content\/uploads\/2025\/06\/DSC01551-1536x1536.jpg 1536w\" sizes=\"(max-width: 2048px) 100vw, 2048px\" \/>\t\t\t\t\t\t\t\t\t\t\t\t\t\t\t<\/div>\n\t\t\t\t<\/div>\n\t\t\t\t<div class=\"elementor-element elementor-element-2da0cc3 image-anime elementor-widget elementor-widget-image\" data-id=\"2da0cc3\" data-element_type=\"widget\" data-e-type=\"widget\" data-widget_type=\"image.default\">\n\t\t\t\t<div class=\"elementor-widget-container\">\n\t\t\t\t\t\t\t\t\t\t\t\t\t\t\t<img decoding=\"async\" width=\"2560\" height=\"1920\" src=\"https:\/\/vivaifeder.it\/wp-content\/uploads\/2025\/05\/Vivai-Feder-Allestimenti-scaled.avif\" class=\"attachment-full size-full wp-image-1981\" alt=\"\" srcset=\"https:\/\/vivaifeder.it\/wp-content\/uploads\/2025\/05\/Vivai-Feder-Allestimenti-scaled.avif 2560w, https:\/\/vivaifeder.it\/wp-content\/uploads\/2025\/05\/Vivai-Feder-Allestimenti-300x225.jpg 300w, https:\/\/vivaifeder.it\/wp-content\/uploads\/2025\/05\/Vivai-Feder-Allestimenti-1024x768.jpg 1024w, https:\/\/vivaifeder.it\/wp-content\/uploads\/2025\/05\/Vivai-Feder-Allestimenti-768x576.jpg 768w, https:\/\/vivaifeder.it\/wp-content\/uploads\/2025\/05\/Vivai-Feder-Allestimenti-1536x1152.jpg 1536w, https:\/\/vivaifeder.it\/wp-content\/uploads\/2025\/05\/Vivai-Feder-Allestimenti-2048x1536.jpg 2048w\" sizes=\"(max-width: 2560px) 100vw, 2560px\">\t\t\t\t\t\t\t\t\t\t\t\t\t\t\t<\/div>\n\t\t\t\t<\/div>\n\t\t\t\t<\/div>\n\t\t<div class=\"elementor-element elementor-element-fa3eefa e-con-full e-flex e-con e-child\" data-id=\"fa3eefa\" data-element_type=\"container\" data-e-type=\"container\">\n\t\t\t\t<div class=\"elementor-element elementor-element-84f27aa image-anime elementor-widget elementor-widget-image\" data-id=\"84f27aa\" data-element_type=\"widget\" data-e-type=\"widget\" data-widget_type=\"image.default\">\n\t\t\t\t<div class=\"elementor-widget-container\">\n\t\t\t\t\t\t\t\t\t\t\t\t\t\t\t<img decoding=\"async\" width=\"2560\" height=\"1707\" src=\"https:\/\/vivaifeder.it\/wp-content\/uploads\/2025\/06\/DSC02772-scaled.avif\" class=\"attachment-full size-full wp-image-4169\" alt=\"Vivai Feder - Manutenzione\" srcset=\"https:\/\/vivaifeder.it\/wp-content\/uploads\/2025\/06\/DSC02772-scaled.avif 2560w, https:\/\/vivaifeder.it\/wp-content\/uploads\/2025\/06\/DSC02772-300x200.jpg 300w, https:\/\/vivaifeder.it\/wp-content\/uploads\/2025\/06\/DSC02772-1024x683.jpg 1024w, https:\/\/vivaifeder.it\/wp-content\/uploads\/2025\/06\/DSC02772-768x512.jpg 768w, https:\/\/vivaifeder.it\/wp-content\/uploads\/2025\/06\/DSC02772-1536x1024.jpg 1536w, https:\/\/vivaifeder.it\/wp-content\/uploads\/2025\/06\/DSC02772-2048x1365.jpg 2048w\" sizes=\"(max-width: 2560px) 100vw, 2560px\" \/>\t\t\t\t\t\t\t\t\t\t\t\t\t\t\t<\/div>\n\t\t\t\t<\/div>\n\t\t\t\t<div class=\"elementor-element elementor-element-9706add image-anime elementor-widget elementor-widget-image\" data-id=\"9706add\" data-element_type=\"widget\" data-e-type=\"widget\" data-widget_type=\"image.default\">\n\t\t\t\t<div class=\"elementor-widget-container\">\n\t\t\t\t\t\t\t\t\t\t\t\t\t\t\t<img loading=\"lazy\" decoding=\"async\" width=\"1920\" height=\"2560\" src=\"https:\/\/vivaifeder.it\/wp-content\/uploads\/2025\/06\/QFRS8346-scaled.avif\" class=\"attachment-full size-full wp-image-2313\" alt=\"Vivai Feder - Team\" srcset=\"https:\/\/vivaifeder.it\/wp-content\/uploads\/2025\/06\/QFRS8346-scaled.avif 1920w, https:\/\/vivaifeder.it\/wp-content\/uploads\/2025\/06\/QFRS8346-225x300.jpg 225w, https:\/\/vivaifeder.it\/wp-content\/uploads\/2025\/06\/QFRS8346-768x1024.jpg 768w, https:\/\/vivaifeder.it\/wp-content\/uploads\/2025\/06\/QFRS8346-1152x1536.jpg 1152w, https:\/\/vivaifeder.it\/wp-content\/uploads\/2025\/06\/QFRS8346-1536x2048.jpg 1536w\" sizes=\"(max-width: 1920px) 100vw, 1920px\" \/>\t\t\t\t\t\t\t\t\t\t\t\t\t\t\t<\/div>\n\t\t\t\t<\/div>\n\t\t\t\t<\/div>\n\t\t\t\t\t<\/div>\n\t\t\t\t<\/div>\n\t\t\t\t<\/div>\n\t\t","protected":false},"excerpt":{"rendered":"<p>\u00dcber uns Unser Team Unser Team besteht aus Fachleuten mit unterschiedlichen Kompetenzen, aber einer gemeinsamen Vision: die Pflege von Gr\u00fcnfl\u00e4chen mit Sorgfalt, Pr\u00e4zision und Sensibilit\u00e4t. Jedes Projekt wird mit einem pers\u00f6nlichen Ansatz verfolgt, bei dem sich technische Erfahrung und Leidenschaft verbinden, um konkrete und dauerhafte Ergebnisse zu garantieren. Teamarbeit, st\u00e4ndige Weiterbildung und ein kollegialer Geist [&hellip;]<\/p>\n","protected":false},"author":1,"featured_media":0,"parent":0,"menu_order":0,"comment_status":"closed","ping_status":"closed","template":"","meta":{"footnotes":""},"class_list":["post-2083","page","type-page","status-publish","hentry"],"_links":{"self":[{"href":"https:\/\/vivaifeder.it\/de\/wp-json\/wp\/v2\/pages\/2083","targetHints":{"allow":["GET"]}}],"collection":[{"href":"https:\/\/vivaifeder.it\/de\/wp-json\/wp\/v2\/pages"}],"about":[{"href":"https:\/\/vivaifeder.it\/de\/wp-json\/wp\/v2\/types\/page"}],"author":[{"embeddable":true,"href":"https:\/\/vivaifeder.it\/de\/wp-json\/wp\/v2\/users\/1"}],"replies":[{"embeddable":true,"href":"https:\/\/vivaifeder.it\/de\/wp-json\/wp\/v2\/comments?post=2083"}],"version-history":[{"count":24,"href":"https:\/\/vivaifeder.it\/de\/wp-json\/wp\/v2\/pages\/2083\/revisions"}],"predecessor-version":[{"id":4827,"href":"https:\/\/vivaifeder.it\/de\/wp-json\/wp\/v2\/pages\/2083\/revisions\/4827"}],"wp:attachment":[{"href":"https:\/\/vivaifeder.it\/de\/wp-json\/wp\/v2\/media?parent=2083"}],"curies":[{"name":"wp","href":"https:\/\/api.w.org\/{rel}","templated":true}]}}